{"id":4245,"date":"2025-07-01T12:05:34","date_gmt":"2025-07-01T10:05:34","guid":{"rendered":"https:\/\/metalunion.dkonto.pl\/en\/?page_id=4245"},"modified":"2025-07-22T11:44:16","modified_gmt":"2025-07-22T09:44:16","slug":"insect-screen","status":"publish","type":"page","link":"https:\/\/metalunion.pl\/en\/produkty\/insect-screen\/","title":{"rendered":"Insect screen"},"content":{"rendered":"\t\t<div data-elementor-type=\"wp-page\" data-elementor-id=\"4245\" class=\"elementor elementor-4245\" data-elementor-post-type=\"page\">\n\t\t\t\t<div class=\"elementor-element elementor-element-d94a34e e-flex e-con-boxed e-con e-parent\" data-id=\"d94a34e\" data-element_type=\"container\">\n\t\t\t\t\t<div class=\"e-con-inner\">\n\t\t<div class=\"elementor-element elementor-element-44c3d0f e-con-full e-flex e-con e-child\" data-id=\"44c3d0f\" data-element_type=\"container\">\n\t\t\t\t<div class=\"elementor-element elementor-element-8942fa2 elementor-widget elementor-widget-image\" data-id=\"8942fa2\" data-element_type=\"widget\" data-widget_type=\"image.default\">\n\t\t\t\t<div class=\"elementor-widget-container\">\n\t\t\t\t\t\t\t\t\t\t\t\t\t\t\t<img fetchpriority=\"high\" decoding=\"async\" width=\"800\" height=\"546\" src=\"https:\/\/metalunion.pl\/en\/wp-content\/uploads\/2025\/03\/metalunion-moskitiera-1024x699.png\" class=\"attachment-large size-large wp-image-501\" alt=\"\" srcset=\"https:\/\/metalunion.pl\/en\/wp-content\/uploads\/2025\/03\/metalunion-moskitiera-1024x699.png 1024w, https:\/\/metalunion.pl\/en\/wp-content\/uploads\/2025\/03\/metalunion-moskitiera-300x205.png 300w, https:\/\/metalunion.pl\/en\/wp-content\/uploads\/2025\/03\/metalunion-moskitiera-768x524.png 768w, https:\/\/metalunion.pl\/en\/wp-content\/uploads\/2025\/03\/metalunion-moskitiera-1536x1048.png 1536w, https:\/\/metalunion.pl\/en\/wp-content\/uploads\/2025\/03\/metalunion-moskitiera.png 1568w\" sizes=\"(max-width: 800px) 100vw, 800px\" \/>\t\t\t\t\t\t\t\t\t\t\t\t\t\t\t<\/div>\n\t\t\t\t<\/div>\n\t\t\t\t<\/div>\n\t\t<div class=\"elementor-element elementor-element-03d3b19 e-con-full e-flex e-con e-child\" data-id=\"03d3b19\" data-element_type=\"container\">\n\t\t\t\t<div class=\"elementor-element elementor-element-e7406ad elementor-widget elementor-widget-heading\" data-id=\"e7406ad\" data-element_type=\"widget\" data-widget_type=\"heading.default\">\n\t\t\t\t<div class=\"elementor-widget-container\">\n\t\t\t\t\t<h3 class=\"elementor-heading-title elementor-size-default\">Insect screen<\/h3>\t\t\t\t<\/div>\n\t\t\t\t<\/div>\n\t\t\t\t<div class=\"elementor-element elementor-element-f104b02 elementor-widget elementor-widget-text-editor\" data-id=\"f104b02\" data-element_type=\"widget\" data-widget_type=\"text-editor.default\">\n\t\t\t\t<div class=\"elementor-widget-container\">\n\t\t\t\t\t\t\t\t\tProfiles and fastening components, including seals and corners, ensuring stability and precise fit.\t\t\t\t\t\t\t\t<\/div>\n\t\t\t\t<\/div>\n\t\t\t\t<\/div>\n\t\t\t\t\t<\/div>\n\t\t\t\t<\/div>\n\t\t<div class=\"elementor-element elementor-element-098dfdd e-flex e-con-boxed e-con e-parent\" data-id=\"098dfdd\" data-element_type=\"container\">\n\t\t\t\t\t<div class=\"e-con-inner\">\n\t\t\t\t<div class=\"elementor-element elementor-element-c559c1b elementor-widget elementor-widget-ucaddon_post_grid\" data-id=\"c559c1b\" data-element_type=\"widget\" data-widget_type=\"ucaddon_post_grid.default\">\n\t\t\t\t<div class=\"elementor-widget-container\">\n\t\t\t\t\t\n<!-- start Post Grid -->\n\t\t<link id='font-awesome-css' href='https:\/\/metalunion.pl\/en\/wp-content\/plugins\/unlimited-elements-for-elementor-premium\/assets_libraries\/font-awesome6\/fontawesome-all.min.css' type='text\/css' rel='stylesheet' >\n\t\t<link id='font-awesome-4-shim-css' href='https:\/\/metalunion.pl\/en\/wp-content\/plugins\/unlimited-elements-for-elementor-premium\/assets_libraries\/font-awesome6\/fontawesome-v4-shims.min.css' type='text\/css' rel='stylesheet' >\n\n<style>\/* widget: Post Grid *\/\n\n\n\n#uc_post_grid_elementor_c559c1b{\n  min-height: 1px;\n}\n\n#uc_post_grid_elementor_c559c1b.uc_post_grid_style_one .uc_post_grid_style_one_wrap {\n   display:grid;\n}\n\n\n#uc_post_grid_elementor_c559c1b .uc_post_grid_style_one_item{\n  position:relative;\n}\n\n#uc_post_grid_elementor_c559c1b .uc_post_image{\n  transition:0.3s;\n  position:relative;\n  overflow:hidden;\n}\n\n#uc_post_grid_elementor_c559c1b .uc_post_image img{\n  width:100%;\n  display:block;\n  transition:0.3s;\n}\n\n\t#uc_post_grid_elementor_c559c1b .ue-item:hover .uc_post_image img    {\n      transform:scale(1.1,1.1);\n    }\n\t\n\n#uc_post_grid_elementor_c559c1b .uc_post_image_overlay{\n  position:absolute;\n  top:0px;\n  left:0px;\n  height:100%;\n  width:100%;\n  transition:0.3s;\n}\n\n#uc_post_grid_elementor_c559c1b .uc_more_btn-custom-field{\n  display:inline-block;\n  text-align:center;\n  text-decoration:none;\n  transition:0.3s;\n}\n\n#uc_post_grid_elementor_c559c1b .uc_more_btn{\n  display:inline-block;\n  text-align:center;\n  text-decoration:none;\n  transition:0.3s;\n}\n\n.ue-grid-item-category a{\n  display:inline-block;\n  font-size:10px;\n  position: relative;\n  z-index: 1;\n}\n\n#uc_post_grid_elementor_c559c1b .ue-grid-item-posttype{\n  display:inline-block;\n  position: relative;\n  z-index: 1;\n}\n\n\n.uc_post_title{\n  font-size:21px;\n}\n\n\n\n  #uc_post_grid_elementor_c559c1b:not(.ue-list-view) .ue_post_grid_item{\n    display:flex;\n    flex-direction:column;\n  }\n\n  #uc_post_grid_elementor_c559c1b.uc_post_grid_style_one:not(.ue-list-view) .uc_content{\n   flex-grow:1;\n  }\n\n  #uc_post_grid_elementor_c559c1b.uc_post_grid_style_one .uc_content > div{\n    height:100%;\n    display:flex;\n    flex-direction:column;\n    justify-content: space-between;  }\n\n    #uc_post_grid_elementor_c559c1b .uc_post_button   {\n     margin-top:auto;\n   }\n  \n\n\n\n\n\n\n\n\n\n\n\n\n\/*  for grid\/list layout switcher*\/\n\t#uc_post_grid_elementor_c559c1b.ue-list-view .uc_post_grid_style_one_item {\n     display:flex;  \n     flex-direction:row;\n    }\n    #uc_post_grid_elementor_c559c1b.ue-list-view .uc_post_grid_style_one_item > div{\n     width:50%;\n    }\n   \n    #uc_post_grid_elementor_c559c1b.ue-list-view .uc_content    {\n      display:flex;\n      flex-direction:column;\n      justify-content:center;\n    }\n \n\/*  for grid\/list layout switcher*\/\n\n#uc_post_grid_elementor_c559c1b .ue-meta-data{  \n  display:flex !important;\n  flex-wrap: wrap;\n  line-height:1em;\n}\n\n#uc_post_grid_elementor_c559c1b .ue-grid-item-meta-data{\n  display:inline-flex;\n  align-items:center;\n}\n\n#uc_post_grid_elementor_c559c1b .ue-grid-item-meta-data a{\n  color:inherit;\n}\n\n.ue-grid-item-meta-data{\n  font-size:12px;\n}\n\n#uc_post_grid_elementor_c559c1b .ue-grid-item-meta-data-icon{\n  line-height:1em;\n}\n\n#uc_post_grid_elementor_c559c1b .ue-grid-item-meta-data-icon svg{\n  width:1em;\n  height:1em;\n}\n\n#uc_post_grid_elementor_c559c1b .ue-debug-meta{\n  padding:10px;\n  border:1px solid red;\n  position:relative;\n  line-height:1.5em;\n  font-size:11px;\n  width:100%;\n}\n\n#uc_post_grid_elementor_c559c1b .uc_btn_inner{\n  display:inline-flex;\n  align-items:center;\n  pointer-events:none;\n}\n\n#uc_post_grid_elementor_c559c1b .uc_btn_inner svg{\n  width:1em;\n  height:1em;\n}\n#uc_post_grid_elementor_c559c1b .ue_p_title{\n  pointer-events:none;\n}\n\n\n#uc_post_grid_elementor_c559c1b .uc_content_inner{\n  width: 100%;\n}\n\n\n#uc_post_grid_elementor_c559c1b .view-switcher-button{\n  display: flex;\n  align-items: center;\n}\n\n#uc_post_grid_elementor_c559c1b .view-switcher-icon{\n  display: flex;\n  align-items: center;\n  line-height: 1;\n  cursor: pointer;\n  transition: all .3s ease;\n}\n\n#uc_post_grid_elementor_c559c1b .view-switcher-icon svg{\n  height:1em;\n  width:1em;\n}\n\n#uc_post_grid_elementor_c559c1b .view-switcher-icon.ue-hidden{\n  display: none;\n}\n\n\n#uc_post_grid_elementor_c559c1b_item1 [href=\"javascript:void(0)\"]{\n  cursor: unset;\n}\n\n\n#uc_post_grid_elementor_c559c1b_item2 [href=\"javascript:void(0)\"]{\n  cursor: unset;\n}\n\n\n#uc_post_grid_elementor_c559c1b_item3 [href=\"javascript:void(0)\"]{\n  cursor: unset;\n}\n\n\n<\/style>\n\n<div class=\"uc_post_grid_style_one  uc-dynamic-popup-grid\" id=\"uc_post_grid_elementor_c559c1b\"  >\n  \t\n  <div class=\"uc_post_grid_style_one_wrap ue_post_grid uc-items-wrapper ue-woo-grid\">\n\t\t\t\n\n\n\n<div id=\"uc_post_grid_elementor_c559c1b_item1\" class=\"uc_post_grid_style_one_item ue_post_grid_item ue-item elementor-animation-grow\">\n  \n      <a class=\"uc_post_grid_style_one_image  uc-open-popup\"  href='javascrpit:void(0)' data-post-link='https:\/\/metalunion.pl\/en\/product\/naroznik-plastikowy-moskitiery-okiennej-mu-nar\/' data-postid='3768' target=\"_self\">\n     <div class=\"uc_post_image\">\n       <img decoding=\"async\" src=\"https:\/\/metalunion.pl\/en\/wp-content\/uploads\/2025\/05\/moskitiera-laczniki-2-768x1152.jpg\"  src=\"https:\/\/metalunion.pl\/en\/wp-content\/uploads\/2025\/05\/moskitiera-laczniki-2-768x1152.jpg\" alt=\"moskitiera \u0142aczniki 2\" width=\"768\" height=\"1152\">\n       <div class=\"uc_post_image_overlay\"><\/div>\n     <\/div>\n    <\/a>\n   \n  <div class=\"uc_content\">\n    <div class=\"uc_content_inner\">\n      <div class=\"uc_content-info-wrapper\" >\n        \n\n               \n       \n              \n\n            \t\t\t<div class=\"uc_post_title\"><a class=\"\" href='https:\/\/metalunion.pl\/en\/product\/naroznik-plastikowy-moskitiery-okiennej-mu-nar\/' target=\"_self\"><div class=\"ue_p_title\">Plastic corner of the window mosquito net MU-NAR-N9<\/div><\/a><\/div>\n      \t\n                      \n       \n                 \n                 \n                            \n        <div class=\"ue-meta-data\">\n            \n                \t    \n                \n        \n\t\n                \n                \n                \n           \n            \n              <div class=\"ue-grid-item-meta-data\"><span class=\"ue-grid-item-meta-data-icon\"><i class=''><\/i><\/span> d\u0142ugo\u015b\u0107: max. <\/div>\n                  \n                \n           \n            \t\n              <div class=\"ue-grid-item-meta-data\"><span class=\"ue-grid-item-meta-data-icon\"><i class=''><\/i><\/span> grubo\u015b\u0107:  <\/div>\n                  \n    \t\t\t\n      \n            \n  <\/div>\t\n                            \n     <\/div>                      \n           <div class=\"uc_post_button\">\n        \n        <a class=\"uc_more_btn  uc-open-popup\" target=\"_blank\"  href='javascrpit:void(0)' data-post-link='https:\/\/metalunion.pl\/en\/product\/naroznik-plastikowy-moskitiery-okiennej-mu-nar\/' data-postid='3768'>\n          <div class=\"uc_btn_inner\">\n            <div class=\"uc_btn_txt\">Product data sheet<\/div>\n                      <\/div>\n      \t<\/a>\n        \n                \n      <\/div>                           \n \t<\/div>  <\/div>      \n        \n<\/div>\n\n\n\n\n<div id=\"uc_post_grid_elementor_c559c1b_item2\" class=\"uc_post_grid_style_one_item ue_post_grid_item ue-item elementor-animation-grow\">\n  \n      <a class=\"uc_post_grid_style_one_image  uc-open-popup\"  href='javascrpit:void(0)' data-post-link='https:\/\/metalunion.pl\/en\/product\/uszczelka-gumowa-moskitiery-okiennej-mu-ugm\/' data-postid='3765' target=\"_self\">\n     <div class=\"uc_post_image\">\n       <img decoding=\"async\" src=\"https:\/\/metalunion.pl\/en\/wp-content\/uploads\/2025\/05\/moskitiera-uszczelka-v2-768x1152.jpg\"  src=\"https:\/\/metalunion.pl\/en\/wp-content\/uploads\/2025\/05\/moskitiera-uszczelka-v2-768x1152.jpg\" alt=\"moskitiera uszczelka v2\" width=\"768\" height=\"1152\">\n       <div class=\"uc_post_image_overlay\"><\/div>\n     <\/div>\n    <\/a>\n   \n  <div class=\"uc_content\">\n    <div class=\"uc_content_inner\">\n      <div class=\"uc_content-info-wrapper\" >\n        \n\n               \n       \n              \n\n            \t\t\t<div class=\"uc_post_title\"><a class=\"\" href='https:\/\/metalunion.pl\/en\/product\/uszczelka-gumowa-moskitiery-okiennej-mu-ugm\/' target=\"_self\"><div class=\"ue_p_title\">Rubber seal for window mosquito net MU-UGM-N9<\/div><\/a><\/div>\n      \t\n                      \n       \n                 \n                 \n                            \n        <div class=\"ue-meta-data\">\n            \n                \t    \n                \n        \n\t\n                \n                \n                \n           \n            \n              <div class=\"ue-grid-item-meta-data\"><span class=\"ue-grid-item-meta-data-icon\"><i class=''><\/i><\/span> d\u0142ugo\u015b\u0107: max. <\/div>\n                  \n                \n           \n            \t\n              <div class=\"ue-grid-item-meta-data\"><span class=\"ue-grid-item-meta-data-icon\"><i class=''><\/i><\/span> grubo\u015b\u0107:  <\/div>\n                  \n    \t\t\t\n      \n            \n  <\/div>\t\n                            \n     <\/div>                      \n           <div class=\"uc_post_button\">\n        \n        <a class=\"uc_more_btn  uc-open-popup\" target=\"_blank\"  href='javascrpit:void(0)' data-post-link='https:\/\/metalunion.pl\/en\/product\/uszczelka-gumowa-moskitiery-okiennej-mu-ugm\/' data-postid='3765'>\n          <div class=\"uc_btn_inner\">\n            <div class=\"uc_btn_txt\">Product data sheet<\/div>\n                      <\/div>\n      \t<\/a>\n        \n                \n      <\/div>                           \n \t<\/div>  <\/div>      \n        \n<\/div>\n\n\n\n\n<div id=\"uc_post_grid_elementor_c559c1b_item3\" class=\"uc_post_grid_style_one_item ue_post_grid_item ue-item elementor-animation-grow\">\n  \n      <a class=\"uc_post_grid_style_one_image  uc-open-popup\"  href='javascrpit:void(0)' data-post-link='https:\/\/metalunion.pl\/en\/product\/profil-ramowy-moskitiery-okiennej-n9-4400\/' data-postid='3433' target=\"_self\">\n     <div class=\"uc_post_image\">\n       <img loading=\"lazy\" decoding=\"async\" src=\"https:\/\/metalunion.pl\/en\/wp-content\/uploads\/2025\/04\/2P1B3509-Edytuj-768x1152.jpg\"  src=\"https:\/\/metalunion.pl\/en\/wp-content\/uploads\/2025\/04\/2P1B3509-Edytuj-768x1152.jpg\" alt=\"2P1B3509-Edytuj\" width=\"768\" height=\"1152\">\n       <div class=\"uc_post_image_overlay\"><\/div>\n     <\/div>\n    <\/a>\n   \n  <div class=\"uc_content\">\n    <div class=\"uc_content_inner\">\n      <div class=\"uc_content-info-wrapper\" >\n        \n\n               \n       \n              \n\n            \t\t\t<div class=\"uc_post_title\"><a class=\"\" href='https:\/\/metalunion.pl\/en\/product\/profil-ramowy-moskitiery-okiennej-n9-4400\/' target=\"_self\"><div class=\"ue_p_title\">Frame profile of the window mosquito net N9-4400<\/div><\/a><\/div>\n      \t\n                      \n       \n                 \n                 \n                            \n        <div class=\"ue-meta-data\">\n            \n                \t    \n                \n        \n\t\n                \n                \n                \n           \n            \n              <div class=\"ue-grid-item-meta-data\"><span class=\"ue-grid-item-meta-data-icon\"><i class=''><\/i><\/span> d\u0142ugo\u015b\u0107: max. 4000 mm<\/div>\n                  \n                \n           \n            \t\n              <div class=\"ue-grid-item-meta-data\"><span class=\"ue-grid-item-meta-data-icon\"><i class=''><\/i><\/span> grubo\u015b\u0107:  0,60 mm<\/div>\n                  \n    \t\t\t\n      \n            \n  <\/div>\t\n                            \n     <\/div>                      \n           <div class=\"uc_post_button\">\n        \n        <a class=\"uc_more_btn  uc-open-popup\" target=\"_blank\"  href='javascrpit:void(0)' data-post-link='https:\/\/metalunion.pl\/en\/product\/profil-ramowy-moskitiery-okiennej-n9-4400\/' data-postid='3433'>\n          <div class=\"uc_btn_inner\">\n            <div class=\"uc_btn_txt\">Product data sheet<\/div>\n                      <\/div>\n      \t<\/a>\n        \n                \n      <\/div>                           \n \t<\/div>  <\/div>      \n        \n<\/div>\n\n\t\t<\/div>\n\t<\/div>\n\n\n\n  <div id=\"uc_post_grid_elementor_c559c1b_empty_message\" class=\"ue-no-posts-found\"  style=\"display:none\" >No posts found<\/div>\n\n\n<!-- end Post Grid -->\t\t\t\t<\/div>\n\t\t\t\t<\/div>\n\t\t\t\t<div class=\"elementor-element elementor-element-9ab737f elementor-widget elementor-widget-ucaddon_dynamic_popup\" data-id=\"9ab737f\" data-element_type=\"widget\" data-widget_type=\"ucaddon_dynamic_popup.default\">\n\t\t\t\t<div class=\"elementor-widget-container\">\n\t\t\t\t\t\n<!-- start Dynamic Post Popup -->\n\n<style>\/* widget: Dynamic Post Popup *\/\n\n  body.ue-popup-opened:not(#uc_dynamic_popup_elementor_9ab737f body),\n  html.ue-popup-opened:not(#uc_dynamic_popup_elementor_9ab737f html){\n      overflow-y: hidden;\n  }\n \n\n#uc_dynamic_popup_elementor_9ab737f .ue-dynamic-popup-inner{\n  position: relative;\n  transition: all .3s;\n    \n}\n\n\n\t\n\n\t\n\n#uc_dynamic_popup_elementor_9ab737f .uc-iframe{\n  position: absolute;\n  top: 0;\n  left: 0;\n}\n\n#uc_dynamic_popup_elementor_9ab737f .ue-dynamic-popup-overlay{\n  position: fixed;\n  top:0;\n  bottom:0;\n  right:0;\n  left:0;\n  width:100%;\n  z-index:99999;\n  display:flex;\n  opacity: 0;\n  pointer-events: none;\n  visibility: hidden;\n}\n\n#uc_dynamic_popup_elementor_9ab737f .ue-dynamic-popup-overlay.uc-active{\n  opacity: 1;\n  pointer-events: all;\n  visibility: visible;\n}\n\n#uc_dynamic_popup_elementor_9ab737f .ue-dynamic-popup-close{\n  position:absolute;\n  line-height:1em;\n  cursor:pointer;\n  display:flex;\n  align-items:center;\n  justify-content:center;\n  z-index: 100;\n}\n\n#uc_dynamic_popup_elementor_9ab737f .ue-dynamic-popup-close:focus{\n  outline: 2px solid black;\n}\n\n#uc_dynamic_popup_elementor_9ab737f .ue-dynamic-popup-arrows{\n    display: flex;\n  \twidth: 100%;\n    position: absolute;\n  \t    justify-content: space-between;\n  \ttop: 0;\n  \t}\n\n#uc_dynamic_popup_elementor_9ab737f .ue-dynamic-popup-arrow{\n\tcursor: pointer;\n  \t    position: absolute;\n  \t\tdisplay: flex;\n    justify-content: center;\n    align-items: center;\n}\n\n#uc_dynamic_popup_elementor_9ab737f .ue-loader{\n    position: absolute;\n    z-index: 1;\n    width: 100%;\n    height: 100%;\n    display: flex;\n    justify-content: center;\n    align-items: center;\n}\n\n#uc_dynamic_popup_elementor_9ab737f .uc-loading-text{\n\tcolor: #696969;\n}\n\n\/* entrance animation *\/\n  #uc_dynamic_popup_elementor_9ab737f .ue-dynamic-popup-overlay .ue-dynamic-popup-inner{\n    opacity: 0;\n  }\n\n  #uc_dynamic_popup_elementor_9ab737f .ue-dynamic-popup-overlay.uc-closing .ue-dynamic-popup-inner{\n    opacity: 0 !important;    \n  }\n\n  #uc_dynamic_popup_elementor_9ab737f .ue-dynamic-popup-overlay.uc-active .ue-dynamic-popup-inner{\n    opacity: 1;\n  }\n\/* end entrance animation *\/\n\n\/* global styling *\/\n\n\/* end global styling *\/\n\n@media screen and (max-width: 1024px) {\n  #uc_dynamic_popup_elementor_9ab737f .ue-dynamic-popup-arrows{\n  \topacity: 1 !important;\n  }\n}\n\n<\/style>\n\n<div id=\"uc_dynamic_popup_elementor_9ab737f\" class=\"ue-dynamic-popup\" data-link-target-parent=\"true\" data-editor=\"no\" data-template=\"1155\" data-arrows=\"true\" data-arrows-on-top=\"true\" data-show-arrows-on-hover=\"false\" data-debug-console=\"false\" data-advanced-cache=\"false\" data-close-after-addedtocart=\"false\">\n    \n    \n   \n  \n  <div class=\"ue-dynamic-popup-overlay\">\n    \n    <div class=\"ue-dynamic-popup-inner\">\n      \n      \t<div class=\"ue-loader\">\n      \t\t          \n          \t                  <div class=\"uc-loading-text\">Loading...<\/div>\n                      \n      \t<\/div>\n      \n    \t<div class=\"ue-dynamic-popup-close\" tabindex=\"0\"><i class='fas fa-times'><\/i><\/div>\n      \t<div class=\"ue-dynamic-popup-iframe-holder\" data-debug=\"false\" data-debug-post='https:\/\/metalunion.pl\/en\/product\/poziom-standard-lustro-m6-4004\/' data-show-iframe=\"false\" data-adjust-height=\"false\" data-hide-scroll=\"false\" data-anim=\"fade-in\" data-anim-speed=\".3\"><\/div> \n      \t\n      \t      \t<div class=\"ue-dynamic-popup-arrows\">\n          <div class=\"ue-dynamic-popup-arrow ue-dynamic-popup-prev-arrow\"><i class='fas fa-chevron-left'><\/i><\/div>\n      \t  <div class=\"ue-dynamic-popup-arrow ue-dynamic-popup-next-arrow\"><i class='fas fa-chevron-right'><\/i><\/div>          \t\n      \t<\/div>\n      \t \n    <\/div> \n    \n  <\/div>\n<\/div>\n<!-- end Dynamic Post Popup -->\t\t\t\t<\/div>\n\t\t\t\t<\/div>\n\t\t\t\t\t<\/div>\n\t\t\t\t<\/div>\n\t\t<div class=\"elementor-element elementor-element-616d05c e-flex e-con-boxed e-con e-parent\" data-id=\"616d05c\" data-element_type=\"container\" data-settings=\"{&quot;background_background&quot;:&quot;classic&quot;}\">\n\t\t\t\t\t<div class=\"e-con-inner\">\n\t\t\t\t\t<\/div>\n\t\t\t\t<\/div>\n\t\t\t\t<\/div>\n\t\t","protected":false},"excerpt":{"rendered":"<p>Plastic corner of the window mosquito net MU-NAR-N9 d\u0142ugo\u015b\u0107: max. grubo\u015b\u0107: Product data sheet Rubber seal for window mosquito net MU-UGM-N9 d\u0142ugo\u015b\u0107: max. grubo\u015b\u0107: Product data sheet Frame profile of the window mosquito net N9-4400 d\u0142ugo\u015b\u0107: max. 4000 mm grubo\u015b\u0107: 0,60 mm Product data sheet No posts found Dynamic Popup Widget added to the page. [&hellip;]<\/p>\n","protected":false},"author":2,"featured_media":501,"parent":456,"menu_order":3,"comment_status":"closed","ping_status":"closed","template":"","meta":{"_acf_changed":false,"footnotes":""},"kategoria-produktow":[15,30],"class_list":["post-4245","page","type-page","status-publish","has-post-thumbnail","hentry","kategoria-produktow-glowne","kategoria-produktow-moskitiera"],"acf":[],"_links":{"self":[{"href":"https:\/\/metalunion.pl\/en\/wp-json\/wp\/v2\/pages\/4245","targetHints":{"allow":["GET"]}}],"collection":[{"href":"https:\/\/metalunion.pl\/en\/wp-json\/wp\/v2\/pages"}],"about":[{"href":"https:\/\/metalunion.pl\/en\/wp-json\/wp\/v2\/types\/page"}],"author":[{"embeddable":true,"href":"https:\/\/metalunion.pl\/en\/wp-json\/wp\/v2\/users\/2"}],"replies":[{"embeddable":true,"href":"https:\/\/metalunion.pl\/en\/wp-json\/wp\/v2\/comments?post=4245"}],"version-history":[{"count":12,"href":"https:\/\/metalunion.pl\/en\/wp-json\/wp\/v2\/pages\/4245\/revisions"}],"predecessor-version":[{"id":4334,"href":"https:\/\/metalunion.pl\/en\/wp-json\/wp\/v2\/pages\/4245\/revisions\/4334"}],"up":[{"embeddable":true,"href":"https:\/\/metalunion.pl\/en\/wp-json\/wp\/v2\/pages\/456"}],"wp:featuredmedia":[{"embeddable":true,"href":"https:\/\/metalunion.pl\/en\/wp-json\/wp\/v2\/media\/501"}],"wp:attachment":[{"href":"https:\/\/metalunion.pl\/en\/wp-json\/wp\/v2\/media?parent=4245"}],"wp:term":[{"taxonomy":"kategoria-produktow","embeddable":true,"href":"https:\/\/metalunion.pl\/en\/wp-json\/wp\/v2\/kategoria-produktow?post=4245"}],"curies":[{"name":"wp","href":"https:\/\/api.w.org\/{rel}","templated":true}]}}